{"id":1508,"date":"2024-08-20T16:45:39","date_gmt":"2024-08-20T16:45:39","guid":{"rendered":"https:\/\/butcombe.com\/the-kings-arms-wiltshire\/?page_id=1508"},"modified":"2026-01-02T16:17:42","modified_gmt":"2026-01-02T16:17:42","slug":"whats-on","status":"publish","type":"page","link":"https:\/\/butcombe.com\/the-kings-arms-wiltshire\/whats-on\/","title":{"rendered":"What&#8217;s On"},"content":{"rendered":"<p>The King\u2019s Arms is a charming 18th century inn in the heart of Melksham. Offering comfy and modern ensuite accommodation and a very warm welcome, it\u2019s the perfect base for exploring Melksham, nearby historic Corsham and Bath, and the stunning Wiltshire countryside. On the menu our focus is locally sourced produce, seasonal ingredients, and pub classics, plus a cracking selection of Butcombe beer behind the bar.<\/p>\n<p>Check out our current offers and events below\u2026<\/p>\n","protected":false},"excerpt":{"rendered":"<p>The King\u2019s Arms is a charming 18th century inn in the heart of Melksham. Offering comfy and modern ensuite accommodation and a very warm welcome, it\u2019s the perfect base for exploring Melksham, nearby historic Corsham and Bath, and the stunning Wiltshire countryside. On the menu our focus is locally sourced produce, seasonal ingredients, and pub [&hellip;]<\/p>\n","protected":false},"author":66,"featured_media":430,"parent":0,"menu_order":0,"comment_status":"closed","ping_status":"closed","template":"template-promos.php","meta":{"_acf_changed":false,"inline_featured_image":false,"footnotes":""},"class_list":["post-1508","page","type-page","status-publish","has-post-thumbnail","hentry"],"acf":[],"yoast_head":"<!-- This site is optimized with the Yoast SEO plugin v27.3 - https:\/\/yoast.com\/product\/yoast-seo-wordpress\/ -->\n<title>What&#039;s On At The King&#039;s Arm | Our Latest Events At The King&#039;s Arm<\/title>\n<meta name=\"description\" content=\"Stay up to date with the latest news, events, and special offers from The King\u00e2\u00e2\u00e2\u20ac\u0161\u00ac\u00e2\u00e2\u20ac\u017e\u00a2s Arms in Wiltshire. Find out what\u00e2\u00e2\u00e2\u20ac\u0161\u00ac\u00e2\u00e2\u20ac\u017e\u00a2s happening at your favorite pub and hotel.\" \/>\n<meta name=\"robots\" content=\"index, follow, max-snippet:-1, max-image-preview:large, max-video-preview:-1\" \/>\n<link rel=\"canonical\" href=\"https:\/\/butcombe.com\/the-kings-arms-wiltshire\/whats-on\/\" \/>\n<meta property=\"og:locale\" content=\"en_GB\" \/>\n<meta property=\"og:type\" content=\"article\" \/>\n<meta property=\"og:title\" content=\"What&#039;s On At The King&#039;s Arm | Our Latest Events At The King&#039;s Arm\" \/>\n<meta property=\"og:description\" content=\"Stay up to date with the latest news, events, and special offers from The King\u00e2\u00e2\u00e2\u20ac\u0161\u00ac\u00e2\u00e2\u20ac\u017e\u00a2s Arms in Wiltshire. Find out what\u00e2\u00e2\u00e2\u20ac\u0161\u00ac\u00e2\u00e2\u20ac\u017e\u00a2s happening at your favorite pub and hotel.\" \/>\n<meta property=\"og:url\" content=\"https:\/\/butcombe.com\/the-kings-arms-wiltshire\/whats-on\/\" \/>\n<meta property=\"og:site_name\" content=\"The King&#039;s Arms\" \/>\n<meta property=\"article:modified_time\" content=\"2026-01-02T16:17:42+00:00\" \/>\n<meta property=\"og:image\" content=\"https:\/\/butcombe.com\/content\/uploads\/sites\/34\/2021\/09\/KingsArmsQuickpress-5.jpg\" \/>\n\t<meta property=\"og:image:width\" content=\"1080\" \/>\n\t<meta property=\"og:image:height\" content=\"720\" \/>\n\t<meta property=\"og:image:type\" content=\"image\/jpeg\" \/>\n<meta name=\"twitter:card\" content=\"summary_large_image\" \/>\n<meta name=\"twitter:label1\" content=\"Estimated reading time\" \/>\n\t<meta name=\"twitter:data1\" content=\"1 minute\" \/>\n<script type=\"application\/ld+json\" class=\"yoast-schema-graph\">{\"@context\":\"https:\\\/\\\/schema.org\",\"@graph\":[{\"@type\":\"WebPage\",\"@id\":\"https:\\\/\\\/butcombe.com\\\/the-kings-arms-wiltshire\\\/whats-on\\\/\",\"url\":\"https:\\\/\\\/butcombe.com\\\/the-kings-arms-wiltshire\\\/whats-on\\\/\",\"name\":\"What's On At The King's Arm | Our Latest Events At The King's Arm\",\"isPartOf\":{\"@id\":\"https:\\\/\\\/butcombe.com\\\/the-kings-arms-wiltshire\\\/#website\"},\"primaryImageOfPage\":{\"@id\":\"https:\\\/\\\/butcombe.com\\\/the-kings-arms-wiltshire\\\/whats-on\\\/#primaryimage\"},\"image\":{\"@id\":\"https:\\\/\\\/butcombe.com\\\/the-kings-arms-wiltshire\\\/whats-on\\\/#primaryimage\"},\"thumbnailUrl\":\"https:\\\/\\\/butcombe.com\\\/content\\\/uploads\\\/sites\\\/34\\\/2021\\\/09\\\/KingsArmsQuickpress-5.jpg\",\"datePublished\":\"2024-08-20T16:45:39+00:00\",\"dateModified\":\"2026-01-02T16:17:42+00:00\",\"description\":\"Stay up to date with the latest news, events, and special offers from The King\u00e2\u00e2\u00e2\u20ac\u0161\u00ac\u00e2\u00e2\u20ac\u017e\u00a2s Arms in Wiltshire. Find out what\u00e2\u00e2\u00e2\u20ac\u0161\u00ac\u00e2\u00e2\u20ac\u017e\u00a2s happening at your favorite pub and hotel.\",\"breadcrumb\":{\"@id\":\"https:\\\/\\\/butcombe.com\\\/the-kings-arms-wiltshire\\\/whats-on\\\/#breadcrumb\"},\"inLanguage\":\"en-GB\",\"potentialAction\":[{\"@type\":\"ReadAction\",\"target\":[\"https:\\\/\\\/butcombe.com\\\/the-kings-arms-wiltshire\\\/whats-on\\\/\"]}]},{\"@type\":\"ImageObject\",\"inLanguage\":\"en-GB\",\"@id\":\"https:\\\/\\\/butcombe.com\\\/the-kings-arms-wiltshire\\\/whats-on\\\/#primaryimage\",\"url\":\"https:\\\/\\\/butcombe.com\\\/content\\\/uploads\\\/sites\\\/34\\\/2021\\\/09\\\/KingsArmsQuickpress-5.jpg\",\"contentUrl\":\"https:\\\/\\\/butcombe.com\\\/content\\\/uploads\\\/sites\\\/34\\\/2021\\\/09\\\/KingsArmsQuickpress-5.jpg\",\"width\":1080,\"height\":720},{\"@type\":\"BreadcrumbList\",\"@id\":\"https:\\\/\\\/butcombe.com\\\/the-kings-arms-wiltshire\\\/whats-on\\\/#breadcrumb\",\"itemListElement\":[{\"@type\":\"ListItem\",\"position\":1,\"name\":\"Home\",\"item\":\"https:\\\/\\\/butcombe.com\\\/the-kings-arms-wiltshire\\\/\"},{\"@type\":\"ListItem\",\"position\":2,\"name\":\"What&#8217;s On\"}]},{\"@type\":\"WebSite\",\"@id\":\"https:\\\/\\\/butcombe.com\\\/the-kings-arms-wiltshire\\\/#website\",\"url\":\"https:\\\/\\\/butcombe.com\\\/the-kings-arms-wiltshire\\\/\",\"name\":\"The King&#039;s Arms\",\"description\":\"Just another Butcombe Brewery Sites site\",\"potentialAction\":[{\"@type\":\"SearchAction\",\"target\":{\"@type\":\"EntryPoint\",\"urlTemplate\":\"https:\\\/\\\/butcombe.com\\\/the-kings-arms-wiltshire\\\/?s={search_term_string}\"},\"query-input\":{\"@type\":\"PropertyValueSpecification\",\"valueRequired\":true,\"valueName\":\"search_term_string\"}}],\"inLanguage\":\"en-GB\"}]}<\/script>\n<!-- \/ Yoast SEO plugin. -->","yoast_head_json":{"title":"What's On At The King's Arm | Our Latest Events At The King's Arm","description":"Stay up to date with the latest news, events, and special offers from The King\u00e2\u00e2\u00e2\u20ac\u0161\u00ac\u00e2\u00e2\u20ac\u017e\u00a2s Arms in Wiltshire. Find out what\u00e2\u00e2\u00e2\u20ac\u0161\u00ac\u00e2\u00e2\u20ac\u017e\u00a2s happening at your favorite pub and hotel.","robots":{"index":"index","follow":"follow","max-snippet":"max-snippet:-1","max-image-preview":"max-image-preview:large","max-video-preview":"max-video-preview:-1"},"canonical":"https:\/\/butcombe.com\/the-kings-arms-wiltshire\/whats-on\/","og_locale":"en_GB","og_type":"article","og_title":"What's On At The King's Arm | Our Latest Events At The King's Arm","og_description":"Stay up to date with the latest news, events, and special offers from The King\u00e2\u00e2\u00e2\u20ac\u0161\u00ac\u00e2\u00e2\u20ac\u017e\u00a2s Arms in Wiltshire. Find out what\u00e2\u00e2\u00e2\u20ac\u0161\u00ac\u00e2\u00e2\u20ac\u017e\u00a2s happening at your favorite pub and hotel.","og_url":"https:\/\/butcombe.com\/the-kings-arms-wiltshire\/whats-on\/","og_site_name":"The King&#039;s Arms","article_modified_time":"2026-01-02T16:17:42+00:00","og_image":[{"width":1080,"height":720,"url":"https:\/\/butcombe.com\/content\/uploads\/sites\/34\/2021\/09\/KingsArmsQuickpress-5.jpg","type":"image\/jpeg"}],"twitter_card":"summary_large_image","twitter_misc":{"Estimated reading time":"1 minute"},"schema":{"@context":"https:\/\/schema.org","@graph":[{"@type":"WebPage","@id":"https:\/\/butcombe.com\/the-kings-arms-wiltshire\/whats-on\/","url":"https:\/\/butcombe.com\/the-kings-arms-wiltshire\/whats-on\/","name":"What's On At The King's Arm | Our Latest Events At The King's Arm","isPartOf":{"@id":"https:\/\/butcombe.com\/the-kings-arms-wiltshire\/#website"},"primaryImageOfPage":{"@id":"https:\/\/butcombe.com\/the-kings-arms-wiltshire\/whats-on\/#primaryimage"},"image":{"@id":"https:\/\/butcombe.com\/the-kings-arms-wiltshire\/whats-on\/#primaryimage"},"thumbnailUrl":"https:\/\/butcombe.com\/content\/uploads\/sites\/34\/2021\/09\/KingsArmsQuickpress-5.jpg","datePublished":"2024-08-20T16:45:39+00:00","dateModified":"2026-01-02T16:17:42+00:00","description":"Stay up to date with the latest news, events, and special offers from The King\u00e2\u00e2\u00e2\u20ac\u0161\u00ac\u00e2\u00e2\u20ac\u017e\u00a2s Arms in Wiltshire. Find out what\u00e2\u00e2\u00e2\u20ac\u0161\u00ac\u00e2\u00e2\u20ac\u017e\u00a2s happening at your favorite pub and hotel.","breadcrumb":{"@id":"https:\/\/butcombe.com\/the-kings-arms-wiltshire\/whats-on\/#breadcrumb"},"inLanguage":"en-GB","potentialAction":[{"@type":"ReadAction","target":["https:\/\/butcombe.com\/the-kings-arms-wiltshire\/whats-on\/"]}]},{"@type":"ImageObject","inLanguage":"en-GB","@id":"https:\/\/butcombe.com\/the-kings-arms-wiltshire\/whats-on\/#primaryimage","url":"https:\/\/butcombe.com\/content\/uploads\/sites\/34\/2021\/09\/KingsArmsQuickpress-5.jpg","contentUrl":"https:\/\/butcombe.com\/content\/uploads\/sites\/34\/2021\/09\/KingsArmsQuickpress-5.jpg","width":1080,"height":720},{"@type":"BreadcrumbList","@id":"https:\/\/butcombe.com\/the-kings-arms-wiltshire\/whats-on\/#breadcrumb","itemListElement":[{"@type":"ListItem","position":1,"name":"Home","item":"https:\/\/butcombe.com\/the-kings-arms-wiltshire\/"},{"@type":"ListItem","position":2,"name":"What&#8217;s On"}]},{"@type":"WebSite","@id":"https:\/\/butcombe.com\/the-kings-arms-wiltshire\/#website","url":"https:\/\/butcombe.com\/the-kings-arms-wiltshire\/","name":"The King&#039;s Arms","description":"Just another Butcombe Brewery Sites site","potentialAction":[{"@type":"SearchAction","target":{"@type":"EntryPoint","urlTemplate":"https:\/\/butcombe.com\/the-kings-arms-wiltshire\/?s={search_term_string}"},"query-input":{"@type":"PropertyValueSpecification","valueRequired":true,"valueName":"search_term_string"}}],"inLanguage":"en-GB"}]}},"_links":{"self":[{"href":"https:\/\/butcombe.com\/the-kings-arms-wiltshire\/wp-json\/wp\/v2\/pages\/1508","targetHints":{"allow":["GET"]}}],"collection":[{"href":"https:\/\/butcombe.com\/the-kings-arms-wiltshire\/wp-json\/wp\/v2\/pages"}],"about":[{"href":"https:\/\/butcombe.com\/the-kings-arms-wiltshire\/wp-json\/wp\/v2\/types\/page"}],"author":[{"embeddable":true,"href":"https:\/\/butcombe.com\/the-kings-arms-wiltshire\/wp-json\/wp\/v2\/users\/66"}],"replies":[{"embeddable":true,"href":"https:\/\/butcombe.com\/the-kings-arms-wiltshire\/wp-json\/wp\/v2\/comments?post=1508"}],"version-history":[{"count":3,"href":"https:\/\/butcombe.com\/the-kings-arms-wiltshire\/wp-json\/wp\/v2\/pages\/1508\/revisions"}],"predecessor-version":[{"id":1843,"href":"https:\/\/butcombe.com\/the-kings-arms-wiltshire\/wp-json\/wp\/v2\/pages\/1508\/revisions\/1843"}],"wp:featuredmedia":[{"embeddable":true,"href":"https:\/\/butcombe.com\/the-kings-arms-wiltshire\/wp-json\/wp\/v2\/media\/430"}],"wp:attachment":[{"href":"https:\/\/butcombe.com\/the-kings-arms-wiltshire\/wp-json\/wp\/v2\/media?parent=1508"}],"curies":[{"name":"wp","href":"https:\/\/api.w.org\/{rel}","templated":true}]}}